{"id":1057,"date":"2025-04-01T16:09:53","date_gmt":"2025-04-01T14:09:53","guid":{"rendered":"https:\/\/lymbridge.pl\/uslugi\/"},"modified":"2026-03-19T19:29:05","modified_gmt":"2026-03-19T17:29:05","slug":"uslugi","status":"publish","type":"page","link":"https:\/\/lymbridge.pl\/pl\/uslugi\/","title":{"rendered":"Us\u0142ugi"},"content":{"rendered":"\n<h2 class=\"wp-block-heading\">Nasze us\u0142ugi:<\/h2>\n\n<p>Transport morski<\/p>\n\n<p>Oferujemy morski transport kontenerowy, drobnicowy \/ LCL, \u0142adunki masowe i ponadgabarytowe. Dzi\u0119ki rozbudowanej sieci agencji organizujemy za\u0142adunek i dostaw\u0119 towar\u00f3w z ka\u017cdego miasta i portu na \u015bwiecie.  <\/p>\n\n<p>Transport kontenerowy, \u0142adunki drobnicowe w dowolne miejsce na \u015bwiecie.<\/p>\n\n<ul class=\"wp-block-list\">\n<li>Obs\u0142uga \u0142adunk\u00f3w w portach, spedycja w portach Gda\u0144sk \/ Gdynia.<\/li>\n\n\n\n<li>Dostawa \u201eod drzwi do drzwi\u201d r\u00f3\u017cnymi \u015brodkami transportu.<\/li>\n\n\n\n<li>Dostawa \u0142adunk\u00f3w FCL (pe\u0142ne za\u0142adowanie kontenera).<\/li>\n\n\n\n<li>Dostawa \u0142adunk\u00f3w LCL (niepe\u0142ne za\u0142adowanie kontenera).<\/li>\n\n\n\n<li>Transport multimodalny, kontenerowe poci\u0105gi blokowe.<\/li>\n\n\n\n<li>Us\u0142ugi magazynowe w Polsce, przechowywanie, przepakowywanie, prze\u0142adunek z kontener\u00f3w na ci\u0119\u017car\u00f3wki.<\/li>\n<\/ul>\n\n<ol class=\"wp-block-list\">\n<li>Transport drogowy \/ Transport mi\u0119dzynarodowy<\/li>\n<\/ol>\n\n<p>Transport drogowy jest najpopularniejszym sposobem przewozu towar\u00f3w na \u015bwiecie.<\/p>\n\n<ul class=\"wp-block-list\">\n<li>Transport \u0142adunk\u00f3w drobnicowych, ca\u0142opojazdowych i cz\u0119\u015bciowych (LTL).<\/li>\n\n\n\n<li>Mi\u0119dzynarodowy i krajowy transport \u0142adunk\u00f3w ci\u0119\u017ckich i ponadgabarytowych.<\/li>\n\n\n\n<li>Transport towar\u00f3w niebezpiecznych.<\/li>\n\n\n\n<li>Transport \u0142adunk\u00f3w w kontrolowanej temperaturze, ch\u0142odniami.<\/li>\n<\/ul>\n\n<ol class=\"wp-block-list\">\n<li>Transport lotniczy<\/li>\n<\/ol>\n\n<p>Je\u015bli czas odgrywa kluczow\u0105 rol\u0119, zalecamy skorzystanie z transportu lotniczego. Zawsze gwarantujemy terminow\u0105 dostaw\u0119 \u0142adunku. Zapewniamy szybk\u0105 dostaw\u0119 towar\u00f3w \u015bwiatowymi liniami lotniczymi. Realizujemy odprawy fiskalne w g\u0142\u00f3wnych portach Europy.   <\/p>\n\n<p>Dostawa \u201eod drzwi do drzwi\u201d do\/z Ukrainy przez lotniska UE<\/p>\n\n<p>Organizacja transportu lotniczego w trybie importu i eksportu z magazynowaniem towar\u00f3w.<\/p>\n\n<p>Pilne, ma\u0142e przesy\u0142ki o r\u00f3\u017cnej obj\u0119to\u015bci.<\/p>\n\n<p>Kompleksowa obs\u0142uga celna i wsparcie na lotniskach.<\/p>\n\n<p>Magazynowanie i pakowanie towar\u00f3w w magazynach.<\/p>\n\n<p>Transport \u201eod drzwi do drzwi\u201d.<\/p>\n<style>.kb-row-layout-id34_595a53-2b > .kt-row-column-wrap{align-content:start;}:where(.kb-row-layout-id34_595a53-2b > .kt-row-column-wrap) > .wp-block-kadence-column{justify-content:start;}.kb-row-layout-id34_595a53-2b > .kt-row-column-wrap{column-gap:var(--global-kb-gap-md, 2rem);row-gap:var(--global-kb-gap-md, 2rem);padding-top:var(--global-kb-spacing-sm, 1.5rem);padding-bottom:var(--global-kb-spacing-sm, 1.5rem);grid-template-columns:minmax(0, 1fr);}.kb-row-layout-id34_595a53-2b > .kt-row-layout-overlay{opacity:0.30;}@media all and (max-width: 1024px){.kb-row-layout-id34_595a53-2b > .kt-row-column-wrap{grid-template-columns:minmax(0, 1fr);}}@media all and (max-width: 767px){.kb-row-layout-id34_595a53-2b > .kt-row-column-wrap{grid-template-columns:minmax(0, 1fr);}}<\/style><div class=\"kb-row-layout-wrap kb-row-layout-id34_595a53-2b alignnone wp-block-kadence-rowlayout\"><div class=\"kt-row-column-wrap kt-has-1-columns kt-row-layout-equal kt-tab-layout-inherit kt-mobile-layout-row kt-row-valign-top\">\n<style>.kadence-column34_9f075a-a4 > .kt-inside-inner-col,.kadence-column34_9f075a-a4 > .kt-inside-inner-col:before{border-top-left-radius:0px;border-top-right-radius:0px;border-bottom-right-radius:0px;border-bottom-left-radius:0px;}.kadence-column34_9f075a-a4 > .kt-inside-inner-col{column-gap:var(--global-kb-gap-sm, 1rem);}.kadence-column34_9f075a-a4 > .kt-inside-inner-col{flex-direction:column;}.kadence-column34_9f075a-a4 > .kt-inside-inner-col > .aligncenter{width:100%;}.kadence-column34_9f075a-a4 > .kt-inside-inner-col:before{opacity:0.3;}.kadence-column34_9f075a-a4{position:relative;}@media all and (max-width: 1024px){.kadence-column34_9f075a-a4 > .kt-inside-inner-col{flex-direction:column;justify-content:center;}}@media all and (max-width: 767px){.kadence-column34_9f075a-a4 > .kt-inside-inner-col{flex-direction:column;justify-content:center;}}<\/style>\n<div class=\"wp-block-kadence-column kadence-column34_9f075a-a4\"><div class=\"kt-inside-inner-col\">\n<p class=\"wpcf7-contact-form-not-found\"><strong>B\u0142\u0105d:<\/strong> Brak formularza kontaktowego.<\/p>\n<\/div><\/div>\n\n<\/div><\/div>","protected":false},"excerpt":{"rendered":"<p>Nasze us\u0142ugi: Transport morski Oferujemy morski transport kontenerowy, drobnicowy \/ LCL, \u0142adunki masowe i ponadgabarytowe. Dzi\u0119ki rozbudowanej sieci agencji organizujemy za\u0142adunek i dostaw\u0119 towar\u00f3w z ka\u017cdego miasta i portu na \u015bwiecie. Transport kontenerowy, \u0142adunki drobnicowe w dowolne miejsce na \u015bwiecie. Transport drogowy jest najpopularniejszym sposobem przewozu towar\u00f3w na \u015bwiecie. Je\u015bli czas odgrywa kluczow\u0105 rol\u0119, zalecamy&#8230;<\/p>\n","protected":false},"author":2,"featured_media":0,"parent":0,"menu_order":0,"comment_status":"closed","ping_status":"closed","template":"","meta":{"inline_featured_image":false,"_kad_post_transparent":"","_kad_post_title":"","_kad_post_layout":"","_kad_post_sidebar_id":"","_kad_post_content_style":"","_kad_post_vertical_padding":"","_kad_post_feature":"","_kad_post_feature_position":"","_kad_post_header":false,"_kad_post_footer":false,"footnotes":""},"class_list":["post-1057","page","type-page","status-publish","hentry"],"_links":{"self":[{"href":"https:\/\/lymbridge.pl\/pl\/wp-json\/wp\/v2\/pages\/1057","targetHints":{"allow":["GET"]}}],"collection":[{"href":"https:\/\/lymbridge.pl\/pl\/wp-json\/wp\/v2\/pages"}],"about":[{"href":"https:\/\/lymbridge.pl\/pl\/wp-json\/wp\/v2\/types\/page"}],"author":[{"embeddable":true,"href":"https:\/\/lymbridge.pl\/pl\/wp-json\/wp\/v2\/users\/2"}],"replies":[{"embeddable":true,"href":"https:\/\/lymbridge.pl\/pl\/wp-json\/wp\/v2\/comments?post=1057"}],"version-history":[{"count":2,"href":"https:\/\/lymbridge.pl\/pl\/wp-json\/wp\/v2\/pages\/1057\/revisions"}],"predecessor-version":[{"id":1061,"href":"https:\/\/lymbridge.pl\/pl\/wp-json\/wp\/v2\/pages\/1057\/revisions\/1061"}],"wp:attachment":[{"href":"https:\/\/lymbridge.pl\/pl\/wp-json\/wp\/v2\/media?parent=1057"}],"curies":[{"name":"wp","href":"https:\/\/api.w.org\/{rel}","templated":true}]}}